{"id":6421,"date":"2025-03-13T15:12:06","date_gmt":"2025-03-13T14:12:06","guid":{"rendered":"https:\/\/staging.blickpr.com\/?page_id=6421"},"modified":"2025-03-19T14:33:04","modified_gmt":"2025-03-19T13:33:04","slug":"coming-soon","status":"publish","type":"page","link":"https:\/\/staging.blickpr.com\/","title":{"rendered":"coming soon"},"content":{"rendered":"<p>[et_pb_section fb_built=&#8221;1&#8243; disabled_on=&#8221;on|on|off&#8221; _builder_version=&#8221;4.27.4&#8243; _module_preset=&#8221;default&#8221; use_background_color_gradient=&#8221;on&#8221; background_color_gradient_type=&#8221;circular&#8221; background_color_gradient_stops=&#8221;#8d0d17 0%|#5d0002 100%&#8221; min_height=&#8221;100vh&#8221; custom_margin=&#8221;0px||0px||true|false&#8221; custom_padding=&#8221;0px||0px||true|false&#8221; global_colors_info=&#8221;{}&#8221;][et_pb_row column_structure=&#8221;1_2,1_2&#8243; make_equal=&#8221;on&#8221; _builder_version=&#8221;4.27.4&#8243; _module_preset=&#8221;default&#8221; width=&#8221;100%&#8221; max_width=&#8221;1280px&#8221; custom_padding=&#8221;3%||||false|false&#8221; custom_css_main_element=&#8221;align-items: center;&#8221; global_colors_info=&#8221;{}&#8221;][et_pb_column type=&#8221;1_2&#8243; _builder_version=&#8221;4.27.4&#8243; _module_preset=&#8221;default&#8221; global_colors_info=&#8221;{}&#8221;][et_pb_image src=&#8221;https:\/\/staging.blickpr.com\/wp-content\/uploads\/2025\/03\/Blick_Looming-on-the-horizon_2025.png&#8221; title_text=&#8221;Blick_Looming-on-the-horizon_2025&#8243; align=&#8221;center&#8221; _builder_version=&#8221;4.27.4&#8243; _module_preset=&#8221;default&#8221; global_colors_info=&#8221;{}&#8221;][\/et_pb_image][\/et_pb_column][et_pb_column type=&#8221;1_2&#8243; _builder_version=&#8221;4.27.4&#8243; _module_preset=&#8221;default&#8221; global_colors_info=&#8221;{}&#8221;][et_pb_image src=&#8221;https:\/\/staging.blickpr.com\/wp-content\/uploads\/2025\/03\/Blick_logo_light-300&#215;154.png&#8221; title_text=&#8221;Blick_logo_light&#8221; align=&#8221;center&#8221; _builder_version=&#8221;4.27.4&#8243; _module_preset=&#8221;default&#8221; global_colors_info=&#8221;{}&#8221;][\/et_pb_image][et_pb_text _builder_version=&#8221;4.27.4&#8243; _module_preset=&#8221;default&#8221; text_font=&#8221;&#8211;et_global_body_font|300|||||||&#8221; text_text_color=&#8221;#F2EDDD&#8221; text_font_size=&#8221;17px&#8221; text_line_height=&#8221;1.6em&#8221; global_colors_info=&#8221;{}&#8221;]<\/p>\n<p>La comunicazione si costruisce inseguendo l&#8217;equilibrio perfetto tra linee, posizioni e velocit\u00e0.<\/p>\n<p>Un flusso, qualunque esso sia, \u00e8 bene che abbia una velocit\u00e0 costante, senza interruzioni o diventerebbe una sequenza aritmica di eventi casuali.<\/p>\n<p>Si inizia dalla giusta confidenza con il mezzo per individuare le difficolt\u00e0 in anticipo, affrontare le asperit\u00e0 con la corretta impostazione, guardare sempre oltre e non guidare mai alla cieca.<\/p>\n<p>[\/et_pb_text][et_pb_text _builder_version=&#8221;4.27.4&#8243; _module_preset=&#8221;default&#8221; text_font=&#8221;Platypi|700|||||||&#8221; text_text_color=&#8221;#F2EDDD&#8221; text_font_size=&#8221;32px&#8221; text_line_height=&#8221;1.5em&#8221; header_text_color=&#8221;#F2EDDD&#8221; global_colors_info=&#8221;{}&#8221;]<\/p>\n<p>La comunicazione \u00e8 simbiosi, velocit\u00e0, apprendimento.<br \/>La comunicazione sono le persone.<\/p>\n<p>[\/et_pb_text][et_pb_social_media_follow use_icon_font_size=&#8221;on&#8221; icon_font_size=&#8221;18px&#8221; _builder_version=&#8221;4.27.4&#8243; _module_preset=&#8221;default&#8221; text_orientation=&#8221;center&#8221; hover_enabled=&#8221;0&#8243; border_radii=&#8221;on|20px|20px|20px|20px&#8221; global_colors_info=&#8221;{}&#8221; sticky_enabled=&#8221;0&#8243;][et_pb_social_media_follow_network social_network=&#8221;facebook&#8221; url=&#8221;https:\/\/www.facebook.com\/BlickPR\/&#8221; icon_color=&#8221;#8D0D17&#8243; _builder_version=&#8221;4.27.4&#8243; _module_preset=&#8221;default&#8221; background_color=&#8221;#F2EDDD&#8221; background_enable_color=&#8221;on&#8221; global_colors_info=&#8221;{}&#8221; follow_button=&#8221;off&#8221; url_new_window=&#8221;on&#8221;]facebook[\/et_pb_social_media_follow_network][et_pb_social_media_follow_network social_network=&#8221;instagram&#8221; url=&#8221;https:\/\/www.instagram.com\/blickpr\/&#8221; icon_color=&#8221;#8D0D17&#8243; _builder_version=&#8221;4.27.4&#8243; _module_preset=&#8221;default&#8221; background_color=&#8221;#F2EDDD&#8221; background_enable_color=&#8221;on&#8221; global_colors_info=&#8221;{}&#8221; follow_button=&#8221;off&#8221; url_new_window=&#8221;on&#8221;]instagram[\/et_pb_social_media_follow_network][et_pb_social_media_follow_network social_network=&#8221;linkedin&#8221; url=&#8221;https:\/\/www.linkedin.com\/company\/blickpr\/?originalSubdomain=it&#8221; icon_color=&#8221;#8D0D17&#8243; _builder_version=&#8221;4.27.4&#8243; _module_preset=&#8221;default&#8221; background_color=&#8221;#F2EDDD&#8221; background_enable_color=&#8221;on&#8221; global_colors_info=&#8221;{}&#8221; follow_button=&#8221;off&#8221; url_new_window=&#8221;on&#8221;]linkedin[\/et_pb_social_media_follow_network][\/et_pb_social_media_follow][\/et_pb_column][\/et_pb_row][et_pb_row _builder_version=&#8221;4.27.4&#8243; _module_preset=&#8221;default&#8221; custom_margin=&#8221;2%||2%||true|false&#8221; global_colors_info=&#8221;{}&#8221;][et_pb_column type=&#8221;4_4&#8243; _builder_version=&#8221;4.27.4&#8243; _module_preset=&#8221;default&#8221; global_colors_info=&#8221;{}&#8221;][et_pb_text _builder_version=&#8221;4.27.4&#8243; _module_preset=&#8221;default&#8221; text_text_color=&#8221;#F2EDDD&#8221; text_letter_spacing=&#8221;2px&#8221; link_font=&#8221;|700|||||||&#8221; link_text_color=&#8221;#F2EDDD&#8221; text_orientation=&#8221;center&#8221; global_colors_info=&#8221;{}&#8221;]<\/p>\n<p>Copyright <strong>Blick<\/strong> | Fabio De Carli | P.IVA 10665850011 | <a href=\"mailto:flow@blickpr.com\">flow@blickpr.com<\/a><\/p>\n<p>[\/et_pb_text][\/et_pb_column][\/et_pb_row][\/et_pb_section][et_pb_section fb_built=&#8221;1&#8243; disabled_on=&#8221;off|off|on&#8221; _builder_version=&#8221;4.27.4&#8243; _module_preset=&#8221;default&#8221; use_background_color_gradient=&#8221;on&#8221; background_color_gradient_type=&#8221;circular&#8221; background_color_gradient_stops=&#8221;#8d0d17 0%|#5d0002 100%&#8221; min_height=&#8221;100vh&#8221; custom_margin=&#8221;0px||0px||true|false&#8221; custom_padding=&#8221;0px||0px||true|false&#8221; global_colors_info=&#8221;{}&#8221;][et_pb_row column_structure=&#8221;1_2,1_2&#8243; make_equal=&#8221;on&#8221; _builder_version=&#8221;4.27.4&#8243; _module_preset=&#8221;default&#8221; width=&#8221;100%&#8221; max_width=&#8221;1280px&#8221; custom_css_main_element=&#8221;align-items: center;&#8221; global_colors_info=&#8221;{}&#8221;][et_pb_column type=&#8221;1_2&#8243; _builder_version=&#8221;4.27.4&#8243; _module_preset=&#8221;default&#8221; global_colors_info=&#8221;{}&#8221;][et_pb_image src=&#8221;https:\/\/staging.blickpr.com\/wp-content\/uploads\/2025\/03\/Blick_logo_light.png&#8221; title_text=&#8221;Blick_logo_light&#8221; align=&#8221;center&#8221; _builder_version=&#8221;4.27.4&#8243; _module_preset=&#8221;default&#8221; max_width=&#8221;70%&#8221; global_colors_info=&#8221;{}&#8221;][\/et_pb_image][et_pb_image src=&#8221;https:\/\/staging.blickpr.com\/wp-content\/uploads\/2025\/03\/Blick_Looming-on-the-horizon_2025-926&#215;1024.png&#8221; title_text=&#8221;Blick_Looming-on-the-horizon_2025&#8243; align=&#8221;center&#8221; _builder_version=&#8221;4.27.4&#8243; _module_preset=&#8221;default&#8221; custom_padding=&#8221;2%|15%|2%|15%|true|true&#8221; global_colors_info=&#8221;{}&#8221;][\/et_pb_image][\/et_pb_column][et_pb_column type=&#8221;1_2&#8243; _builder_version=&#8221;4.27.4&#8243; _module_preset=&#8221;default&#8221; global_colors_info=&#8221;{}&#8221;][et_pb_text _builder_version=&#8221;4.27.4&#8243; _module_preset=&#8221;default&#8221; text_font=&#8221;&#8211;et_global_body_font|300|||||||&#8221; text_text_color=&#8221;#F2EDDD&#8221; text_font_size=&#8221;17px&#8221; text_line_height=&#8221;1.6em&#8221; custom_padding=&#8221;|10%||10%|false|true&#8221; global_colors_info=&#8221;{}&#8221;]<\/p>\n<p>La comunicazione si costruisce inseguendo l&#8217;equilibrio perfetto tra linee, posizioni e velocit\u00e0.<\/p>\n<p>Un flusso, qualunque esso sia, \u00e8 bene che abbia una velocit\u00e0 costante, senza interruzioni o diventerebbe una sequenza aritmica di eventi casuali.<\/p>\n<p>Si inizia dalla giusta confidenza con il mezzo per individuare le difficolt\u00e0 in anticipo, affrontare le asperit\u00e0 con la corretta impostazione, guardare sempre oltre e non guidare mai alla cieca.<\/p>\n<p>[\/et_pb_text][et_pb_text _builder_version=&#8221;4.27.4&#8243; _module_preset=&#8221;default&#8221; text_font=&#8221;Platypi|700|||||||&#8221; text_text_color=&#8221;#F2EDDD&#8221; text_font_size=&#8221;32px&#8221; text_line_height=&#8221;1.5em&#8221; header_text_color=&#8221;#F2EDDD&#8221; custom_padding=&#8221;|10%||10%|false|true&#8221; text_font_size_tablet=&#8221;32px&#8221; text_font_size_phone=&#8221;26px&#8221; text_font_size_last_edited=&#8221;on|phone&#8221; global_colors_info=&#8221;{}&#8221;]<\/p>\n<p>La comunicazione \u00e8 simbiosi, velocit\u00e0, apprendimento.<br \/>La comunicazione sono le persone.<\/p>\n<p>[\/et_pb_text][et_pb_social_media_follow use_icon_font_size=&#8221;on&#8221; icon_font_size=&#8221;18px&#8221; _builder_version=&#8221;4.27.4&#8243; _module_preset=&#8221;default&#8221; text_orientation=&#8221;center&#8221; border_radii=&#8221;on|20px|20px|20px|20px&#8221; global_colors_info=&#8221;{}&#8221;][et_pb_social_media_follow_network social_network=&#8221;facebook&#8221; url=&#8221;https:\/\/www.facebook.com\/BlickPR\/&#8221; icon_color=&#8221;#8D0D17&#8243; _builder_version=&#8221;4.27.4&#8243; _module_preset=&#8221;default&#8221; background_color=&#8221;#F2EDDD&#8221; background_enable_color=&#8221;on&#8221; global_colors_info=&#8221;{}&#8221; follow_button=&#8221;off&#8221; url_new_window=&#8221;on&#8221;]facebook[\/et_pb_social_media_follow_network][et_pb_social_media_follow_network social_network=&#8221;instagram&#8221; url=&#8221;https:\/\/www.instagram.com\/blickpr\/&#8221; icon_color=&#8221;#8D0D17&#8243; _builder_version=&#8221;4.27.4&#8243; _module_preset=&#8221;default&#8221; background_color=&#8221;#F2EDDD&#8221; background_enable_color=&#8221;on&#8221; global_colors_info=&#8221;{}&#8221; follow_button=&#8221;off&#8221; url_new_window=&#8221;on&#8221;]instagram[\/et_pb_social_media_follow_network][et_pb_social_media_follow_network social_network=&#8221;linkedin&#8221; url=&#8221;https:\/\/www.linkedin.com\/company\/blickpr\/?originalSubdomain=it&#8221; icon_color=&#8221;#8D0D17&#8243; _builder_version=&#8221;4.27.4&#8243; _module_preset=&#8221;default&#8221; background_color=&#8221;#F2EDDD&#8221; background_enable_color=&#8221;on&#8221; global_colors_info=&#8221;{}&#8221; follow_button=&#8221;off&#8221; url_new_window=&#8221;on&#8221;]linkedin[\/et_pb_social_media_follow_network][\/et_pb_social_media_follow][\/et_pb_column][\/et_pb_row][et_pb_row _builder_version=&#8221;4.27.4&#8243; _module_preset=&#8221;default&#8221; custom_margin=&#8221;2%||2%||true|false&#8221; global_colors_info=&#8221;{}&#8221;][et_pb_column type=&#8221;4_4&#8243; _builder_version=&#8221;4.27.4&#8243; _module_preset=&#8221;default&#8221; global_colors_info=&#8221;{}&#8221;][et_pb_text _builder_version=&#8221;4.27.4&#8243; _module_preset=&#8221;default&#8221; text_text_color=&#8221;#F2EDDD&#8221; text_letter_spacing=&#8221;2px&#8221; link_font=&#8221;|700|||||||&#8221; link_text_color=&#8221;#F2EDDD&#8221; text_orientation=&#8221;center&#8221; global_colors_info=&#8221;{}&#8221;]<\/p>\n<p>Copyright <strong>Blick<\/strong> | Fabio De Carli | P.IVA 10665850011 | <a href=\"mailto:flow@blickpr.com\">flow@blickpr.com<\/a><\/p>\n<p>[\/et_pb_text][\/et_pb_column][\/et_pb_row][\/et_pb_section]<\/p>\n","protected":false},"excerpt":{"rendered":"<p>La comunicazione si costruisce inseguendo l&#8217;equilibrio perfetto tra linee, posizioni e velocit\u00e0. Un flusso, qualunque esso sia, \u00e8 bene che abbia una velocit\u00e0 costante, senza interruzioni o diventerebbe una sequenza aritmica di eventi casuali. Si inizia dalla giusta confidenza con il mezzo per individuare le difficolt\u00e0 in anticipo, affrontare le asperit\u00e0 con la corretta impostazione, [&hellip;]<\/p>\n","protected":false},"author":2,"featured_media":0,"parent":0,"menu_order":0,"comment_status":"closed","ping_status":"closed","template":"page-template-blank.php","meta":{"_et_pb_use_builder":"on","_et_pb_old_content":"<!-- wp:themeisle-blocks\/advanced-columns {\"id\":\"wp-block-themeisle-blocks-advanced-columns-bf315cc5\",\"columns\":1,\"layout\":\"equal\",\"padding\":{\"top\":\"80px\",\"right\":\"32px\",\"bottom\":\"80px\",\"left\":\"32px\"},\"paddingTablet\":{\"top\":\"64px\",\"right\":\"24px\",\"bottom\":\"64px\",\"left\":\"24px\"},\"paddingMobile\":{\"top\":\"40px\",\"right\":\"20px\",\"bottom\":\"40px\",\"left\":\"20px\"},\"margin\":{\"top\":\"0px\",\"bottom\":\"0px\"},\"columnsWidth\":947,\"horizontalAlign\":\"center\",\"columnsHeight\":\"100vh\",\"verticalAlign\":\"center\",\"backgroundColor\":\"#191717\",\"backgroundOverlayType\":\"image\",\"backgroundOverlayImage\":{\"id\":196,\"url\":\"https:\/\/demosites.io\/otter\/wp-content\/uploads\/sites\/664\/2022\/08\/maintenance-cover.jpg\"},\"backgroundOverlayPosition\":{\"x\":\"0.37\",\"y\":\"0.15\"},\"backgroundOverlayRepeat\":\"no-repeat\",\"backgroundOverlaySize\":\"cover\",\"backgroundOverlayBlend\":\"screen\",\"align\":\"full\"} -->\n<div id=\"wp-block-themeisle-blocks-advanced-columns-bf315cc5\" class=\"wp-block-themeisle-blocks-advanced-columns alignfull has-1-columns has-desktop-equal-layout has-tablet-equal-layout has-mobile-equal-layout has-vertical-center\"><div class=\"wp-block-themeisle-blocks-advanced-columns-overlay\"><\/div><div class=\"innerblocks-wrap\"><!-- wp:themeisle-blocks\/advanced-column {\"id\":\"wp-block-themeisle-blocks-advanced-column-7b61437b\",\"padding\":{\"top\":\"24px\",\"right\":\"24px\",\"bottom\":\"24px\",\"left\":\"24px\"},\"paddingMobile\":{\"top\":\"16px\",\"right\":\"16px\",\"bottom\":\"16px\",\"left\":\"16px\"},\"columnWidth\":\"100\"} -->\n<div id=\"wp-block-themeisle-blocks-advanced-column-7b61437b\" class=\"wp-block-themeisle-blocks-advanced-column\"><!-- wp:group {\"textColor\":\"white\"} -->\n<div class=\"wp-block-group has-white-color has-text-color\"><!-- wp:themeisle-blocks\/advanced-heading {\"id\":\"wp-block-themeisle-blocks-advanced-heading-81277ea5\",\"tag\":\"h1\",\"align\":\"center\",\"alignTablet\":\"center\",\"alignMobile\":\"center\",\"fontSize\":80,\"fontSizeTablet\":60,\"fontSizeMobile\":32,\"fontFamily\":\"Barlow\",\"fontVariant\":\"800\",\"fontStyle\":\"normal\",\"textTransform\":\"uppercase\"} -->\n<h1 id=\"wp-block-themeisle-blocks-advanced-heading-81277ea5\" class=\"wp-block-themeisle-blocks-advanced-heading wp-block-themeisle-blocks-advanced-heading-81277ea5\">Website is under maintenance<\/h1>\n<!-- \/wp:themeisle-blocks\/advanced-heading -->\n\n<!-- wp:spacer {\"height\":\"40px\"} -->\n<div style=\"height:40px\" aria-hidden=\"true\" class=\"wp-block-spacer\"><\/div>\n<!-- \/wp:spacer -->\n\n<!-- wp:themeisle-blocks\/advanced-heading {\"id\":\"wp-block-themeisle-blocks-advanced-heading-a458b450\",\"tag\":\"p\",\"align\":\"center\",\"alignTablet\":\"center\",\"alignMobile\":\"center\",\"fontSize\":27,\"fontSizeTablet\":20,\"fontSizeMobile\":18,\"fontFamily\":\"Inter\",\"fontVariant\":\"regular\",\"fontStyle\":\"normal\"} -->\n<p id=\"wp-block-themeisle-blocks-advanced-heading-a458b450\" class=\"wp-block-themeisle-blocks-advanced-heading wp-block-themeisle-blocks-advanced-heading-a458b450\">We are doing some updates on our site, and we need to be offline for a while. We will be back with you shortly! Meanwhile, follow us on Social.<\/p>\n<!-- \/wp:themeisle-blocks\/advanced-heading -->\n\n<!-- wp:spacer {\"height\":\"40px\"} -->\n<div style=\"height:40px\" aria-hidden=\"true\" class=\"wp-block-spacer\"><\/div>\n<!-- \/wp:spacer -->\n\n<!-- wp:social-links {\"iconColor\":\"white\",\"iconColorValue\":\"#ffffff\",\"openInNewTab\":true,\"size\":\"has-large-icon-size\",\"className\":\"is-style-logos-only animated bounce delay-1s\",\"layout\":{\"type\":\"flex\",\"justifyContent\":\"center\"}} -->\n<ul class=\"wp-block-social-links has-large-icon-size has-icon-color is-style-logos-only animated bounce delay-1s\"><!-- wp:social-link {\"url\":\"#\",\"service\":\"twitter\"} \/-->\n\n<!-- wp:social-link {\"url\":\"#\",\"service\":\"facebook\"} \/-->\n\n<!-- wp:social-link {\"url\":\"#\",\"service\":\"dribbble\"} \/--><\/ul>\n<!-- \/wp:social-links --><\/div>\n<!-- \/wp:group --><\/div>\n<!-- \/wp:themeisle-blocks\/advanced-column --><\/div><\/div>\n<!-- \/wp:themeisle-blocks\/advanced-columns -->","_et_gb_content_width":"","footnotes":""},"class_list":["post-6421","page","type-page","status-publish","hentry"],"yoast_head":"<!-- This site is optimized with the Yoast SEO plugin v24.8.1 - https:\/\/yoast.com\/wordpress\/plugins\/seo\/ -->\n<title>coming soon - Blick<\/title>\n<meta name=\"robots\" content=\"noindex, follow, max-snippet:-1, max-image-preview:large, max-video-preview:-1\" \/>\n<meta property=\"og:locale\" content=\"it_IT\" \/>\n<meta property=\"og:type\" content=\"article\" \/>\n<meta property=\"og:title\" content=\"coming soon - Blick\" \/>\n<meta property=\"og:description\" content=\"La comunicazione si costruisce inseguendo l&#039;equilibrio perfetto tra linee, posizioni e velocit\u00e0. Un flusso, qualunque esso sia, \u00e8 bene che abbia una velocit\u00e0 costante, senza interruzioni o diventerebbe una sequenza aritmica di eventi casuali. Si inizia dalla giusta confidenza con il mezzo per individuare le difficolt\u00e0 in anticipo, affrontare le asperit\u00e0 con la corretta impostazione, [&hellip;]\" \/>\n<meta property=\"og:url\" content=\"https:\/\/staging.blickpr.com\/\" \/>\n<meta property=\"og:site_name\" content=\"Blick\" \/>\n<meta property=\"article:modified_time\" content=\"2025-03-19T13:33:04+00:00\" \/>\n<meta name=\"twitter:card\" content=\"summary_large_image\" \/>\n<meta name=\"twitter:label1\" content=\"Tempo di lettura stimato\" \/>\n\t<meta name=\"twitter:data1\" content=\"6 minuti\" \/>\n<script type=\"application\/ld+json\" class=\"yoast-schema-graph\">{\"@context\":\"https:\/\/schema.org\",\"@graph\":[{\"@type\":\"WebPage\",\"@id\":\"https:\/\/staging.blickpr.com\/\",\"url\":\"https:\/\/staging.blickpr.com\/\",\"name\":\"coming soon - Blick\",\"isPartOf\":{\"@id\":\"https:\/\/staging.blickpr.com\/#website\"},\"datePublished\":\"2025-03-13T14:12:06+00:00\",\"dateModified\":\"2025-03-19T13:33:04+00:00\",\"breadcrumb\":{\"@id\":\"https:\/\/staging.blickpr.com\/#breadcrumb\"},\"inLanguage\":\"it-IT\",\"potentialAction\":[{\"@type\":\"ReadAction\",\"target\":[\"https:\/\/staging.blickpr.com\/\"]}]},{\"@type\":\"BreadcrumbList\",\"@id\":\"https:\/\/staging.blickpr.com\/#breadcrumb\",\"itemListElement\":[{\"@type\":\"ListItem\",\"position\":1,\"name\":\"Home\",\"item\":\"https:\/\/staging.blickpr.com\/\"},{\"@type\":\"ListItem\",\"position\":2,\"name\":\"coming soon\"}]},{\"@type\":\"WebSite\",\"@id\":\"https:\/\/staging.blickpr.com\/#website\",\"url\":\"https:\/\/staging.blickpr.com\/\",\"name\":\"Blick\",\"description\":\"Occhio alla comunicazione!\",\"potentialAction\":[{\"@type\":\"SearchAction\",\"target\":{\"@type\":\"EntryPoint\",\"urlTemplate\":\"https:\/\/staging.blickpr.com\/?s={search_term_string}\"},\"query-input\":{\"@type\":\"PropertyValueSpecification\",\"valueRequired\":true,\"valueName\":\"search_term_string\"}}],\"inLanguage\":\"it-IT\"}]}<\/script>\n<!-- \/ Yoast SEO plugin. -->","yoast_head_json":{"title":"coming soon - Blick","robots":{"index":"noindex","follow":"follow","max-snippet":"max-snippet:-1","max-image-preview":"max-image-preview:large","max-video-preview":"max-video-preview:-1"},"og_locale":"it_IT","og_type":"article","og_title":"coming soon - Blick","og_description":"La comunicazione si costruisce inseguendo l'equilibrio perfetto tra linee, posizioni e velocit\u00e0. Un flusso, qualunque esso sia, \u00e8 bene che abbia una velocit\u00e0 costante, senza interruzioni o diventerebbe una sequenza aritmica di eventi casuali. Si inizia dalla giusta confidenza con il mezzo per individuare le difficolt\u00e0 in anticipo, affrontare le asperit\u00e0 con la corretta impostazione, [&hellip;]","og_url":"https:\/\/staging.blickpr.com\/","og_site_name":"Blick","article_modified_time":"2025-03-19T13:33:04+00:00","twitter_card":"summary_large_image","twitter_misc":{"Tempo di lettura stimato":"6 minuti"},"schema":{"@context":"https:\/\/schema.org","@graph":[{"@type":"WebPage","@id":"https:\/\/staging.blickpr.com\/","url":"https:\/\/staging.blickpr.com\/","name":"coming soon - Blick","isPartOf":{"@id":"https:\/\/staging.blickpr.com\/#website"},"datePublished":"2025-03-13T14:12:06+00:00","dateModified":"2025-03-19T13:33:04+00:00","breadcrumb":{"@id":"https:\/\/staging.blickpr.com\/#breadcrumb"},"inLanguage":"it-IT","potentialAction":[{"@type":"ReadAction","target":["https:\/\/staging.blickpr.com\/"]}]},{"@type":"BreadcrumbList","@id":"https:\/\/staging.blickpr.com\/#breadcrumb","itemListElement":[{"@type":"ListItem","position":1,"name":"Home","item":"https:\/\/staging.blickpr.com\/"},{"@type":"ListItem","position":2,"name":"coming soon"}]},{"@type":"WebSite","@id":"https:\/\/staging.blickpr.com\/#website","url":"https:\/\/staging.blickpr.com\/","name":"Blick","description":"Occhio alla comunicazione!","potentialAction":[{"@type":"SearchAction","target":{"@type":"EntryPoint","urlTemplate":"https:\/\/staging.blickpr.com\/?s={search_term_string}"},"query-input":{"@type":"PropertyValueSpecification","valueRequired":true,"valueName":"search_term_string"}}],"inLanguage":"it-IT"}]}},"_links":{"self":[{"href":"https:\/\/staging.blickpr.com\/index.php?rest_route=\/wp\/v2\/pages\/6421","targetHints":{"allow":["GET"]}}],"collection":[{"href":"https:\/\/staging.blickpr.com\/index.php?rest_route=\/wp\/v2\/pages"}],"about":[{"href":"https:\/\/staging.blickpr.com\/index.php?rest_route=\/wp\/v2\/types\/page"}],"author":[{"embeddable":true,"href":"https:\/\/staging.blickpr.com\/index.php?rest_route=\/wp\/v2\/users\/2"}],"replies":[{"embeddable":true,"href":"https:\/\/staging.blickpr.com\/index.php?rest_route=%2Fwp%2Fv2%2Fcomments&post=6421"}],"version-history":[{"count":40,"href":"https:\/\/staging.blickpr.com\/index.php?rest_route=\/wp\/v2\/pages\/6421\/revisions"}],"predecessor-version":[{"id":6519,"href":"https:\/\/staging.blickpr.com\/index.php?rest_route=\/wp\/v2\/pages\/6421\/revisions\/6519"}],"wp:attachment":[{"href":"https:\/\/staging.blickpr.com\/index.php?rest_route=%2Fwp%2Fv2%2Fmedia&parent=6421"}],"curies":[{"name":"wp","href":"https:\/\/api.w.org\/{rel}","templated":true}]}}